{"id":364,"date":"2020-03-04T14:58:42","date_gmt":"2020-03-04T22:58:42","guid":{"rendered":"https:\/\/casamagoni.com\/en\/?page_id=364"},"modified":"2020-08-21T21:01:44","modified_gmt":"2020-08-22T04:01:44","slug":"magoni-experimental","status":"publish","type":"page","link":"https:\/\/casamagoni.com\/en\/products\/magoni-experimental\/","title":{"rendered":"Magoni Experimental"},"content":{"rendered":"[vc_row full_width=&#8221;stretch_row_content&#8221; full_height=&#8221;yes&#8221; columns_placement=&#8221;top&#8221; bg_type=&#8221;bg_color&#8221; bg_override=&#8221;full&#8221;][vc_column width=&#8221;1\/3&#8243; css=&#8221;.vc_custom_1583364001115{margin-top: 0px !important;margin-bottom: 0px !important;padding-top: 0px !important;padding-bottom: 0px !important;background-image: url(https:\/\/casamagoni.com\/en\/wp-content\/uploads\/2020\/03\/img02-magoni_experimental.jpg?id=373) !important;background-position: center !important;background-repeat: no-repeat !important;background-size: cover !important;}&#8221;]<div class=\"ult-spacer spacer-69e207d7aa95d\" data-id=\"69e207d7aa95d\" data-height=\"800\" data-height-mobile=\"400\" data-height-tab=\"\" data-height-tab-portrait=\"\" data-height-mobile-landscape=\"400\" style=\"clear:both;display:block;\"><\/div>[\/vc_column][vc_column width=&#8221;1\/3&#8243; css=&#8221;.vc_custom_1521264811856{padding-right: 30px !important;padding-left: 30px !important;}&#8221;]<div class=\"ult-spacer spacer-69e207d7aa9c2\" data-id=\"69e207d7aa9c2\" data-height=\"50\" data-height-mobile=\"50\" data-height-tab=\"50\" data-height-tab-portrait=\"\" data-height-mobile-landscape=\"\" style=\"clear:both;display:block;\"><\/div><div id=\"ultimate-heading-737269e207d7aaa5b\" class=\"uvc-heading ult-adjust-bottom-margin ultimate-heading-737269e207d7aaa5b uvc-4844 \" data-hspacer=\"no_spacer\"  data-halign=\"center\" style=\"text-align:center\"><div class=\"uvc-heading-spacer no_spacer\" style=\"top\"><\/div><div class=\"uvc-main-heading ult-responsive\"  data-ultimate-target='.uvc-heading.ultimate-heading-737269e207d7aaa5b h2'  data-responsive-json-new='{\"font-size\":\"\",\"line-height\":\"\"}' ><h2 style=\"font-weight:normal;margin-bottom:40px;\">Magoni Experimental<\/h2><\/div><div class=\"uvc-sub-heading ult-responsive\"  data-ultimate-target='.uvc-heading.ultimate-heading-737269e207d7aaa5b .uvc-sub-heading '  data-responsive-json-new='{\"font-size\":\"desktop:16px;tablet_portrait:14px;mobile_landscape:14px;mobile:14px;\",\"line-height\":\"desktop:26px;tablet_portrait:24px;mobile_landscape:24px;mobile:24px;\"}'  style=\"font-family:&#039;Montserrat&#039;;font-weight:normal;\">\n<p style=\"text-align: left;\"><strong><em>Magoni experimental<\/em><\/strong> representa un proyecto innovador de introducci\u00f3n, adaptaci\u00f3n y valorizaci\u00f3n de variedades novedosas, en su mayor\u00eda desconocidas en nuestra regi\u00f3n vit\u00edcola de Baja California.<\/p>\n<p style=\"text-align: left;\">El vi\u00f1edo se localiza en Valle de Guadalupe sobre una superficie de 4 hect\u00e1reas y con m\u00e1s de 70 vidue\u00f1os procedentes de 6 Pa\u00edses: Portugal, Francia, Espa\u00f1a, Italia, Grecia y Alemania.<\/p>\n<hr \/>\n<h4>Caracter\u00edsticas<\/h4>\n<p style=\"text-align: left;\"><strong>Variedad:<\/strong> Periquita,( sin\u00f3nimo de Castel\u00e3o Franco, Franc\u00e9s)<br \/>\n<strong>Vendimia:<\/strong> 2018<br \/>\n<strong>Origen:<\/strong> Pen\u00ednsula de SET\u00daBAL, Portugal<br \/>\n<strong>Color:<\/strong> media intensidad, rub\u00ed, brillante.<br \/>\n<strong>Aroma:<\/strong> frutas rojas, cereza, frambuesa, de buena intensidad.<br \/>\n<strong>Sabor:<\/strong> taninos redondos, de buena intensidad, cuerpo medio, persistencia larga.<\/p>\n<hr \/>\n<h4 style=\"text-align: center;\">Uva<\/h4>\n<ul style=\"text-align: left;\">\n<li><strong>Brix:<\/strong> 24<\/li>\n<li><strong>Acidez Total:<\/strong> 6.8<\/li>\n<li><strong>pH:<\/strong> 3.5<\/li>\n<\/ul>\n<hr \/>\n<h4 style=\"text-align: center;\">Fermentaci\u00f3n<\/h4>\n<ul style=\"text-align: left;\">\n<li><strong>M\u00e9todo:<\/strong> cl\u00e1sico en recipientes abiertos<\/li>\n<li><strong>Levaduras:<\/strong> Naturales<\/li>\n<li><strong>D\u00edas de fermentaci\u00f3n:<\/strong> 18<\/li>\n<li><strong>Temperatura promedio:<\/strong> 27\u2070 C<\/li>\n<\/ul>\n<hr \/>\n<h4 style=\"text-align: center;\">Vino<\/h4>\n<ul>\n<li style=\"text-align: left;\"><strong>Alcohol:<\/strong> 13.8% A.T.: 5.7\u2030<\/li>\n<li style=\"text-align: left;\"><strong>pH:<\/strong> 3.6 Az.<\/li>\n<li style=\"text-align: left;\"><strong>Res.:<\/strong> 2.1 gr\/l<\/li>\n<li style=\"text-align: left;\"><strong>A\u00f1ejamiento:<\/strong> 12 meses<\/li>\n<li style=\"text-align: left;\"><strong>Fecha de embotellado:<\/strong> Julio 22 2019<\/li>\n<li style=\"text-align: left;\"><strong>Botellas producidas:<\/strong> 260<\/li>\n<\/ul>\n<\/div><\/div><div class=\"ult-spacer spacer-69e207d7aaae4\" data-id=\"69e207d7aaae4\" data-height=\"60\" data-height-mobile=\"30\" data-height-tab=\"\" data-height-tab-portrait=\"\" data-height-mobile-landscape=\"30\" style=\"clear:both;display:block;\"><\/div>[\/vc_column][vc_column width=&#8221;1\/3&#8243; css=&#8221;.vc_custom_1583364013012{background-image: url(https:\/\/casamagoni.com\/en\/wp-content\/uploads\/2020\/03\/img01-magoni_experimental.jpg?id=372) !important;background-position: center !important;background-repeat: no-repeat !important;background-size: cover !important;}&#8221;]<div class=\"ult-spacer spacer-69e207d7aab3f\" data-id=\"69e207d7aab3f\" data-height=\"800\" data-height-mobile=\"400\" data-height-tab=\"\" data-height-tab-portrait=\"\" data-height-mobile-landscape=\"400\" style=\"clear:both;display:block;\"><\/div>[\/vc_column][\/vc_row]\n","protected":false},"excerpt":{"rendered":"<p>[vc_row full_width=&#8221;stretch_row_content&#8221; full_height=&#8221;yes&#8221; columns_placement=&#8221;top&#8221; bg_type=&#8221;bg_color&#8221; bg_override=&#8221;full&#8221;][vc_column width=&#8221;1\/3&#8243; css=&#8221;.vc_custom_1583364001115{margin-top: 0px !important;margin-bottom: 0px !important;padding-top: 0px !important;padding-bottom: 0px !important;background-image: url(https:\/\/casamagoni.com\/en\/wp-content\/uploads\/2020\/03\/img02-magoni_experimental.jpg?id=373) !important;background-position: center !important;background-repeat: no-repeat !important;background-size: cover !important;}&#8221;][\/vc_column][vc_column width=&#8221;1\/3&#8243; css=&#8221;.vc_custom_1521264811856{padding-right: 30px !important;padding-left: 30px !important;}&#8221;][\/vc_column][vc_column width=&#8221;1\/3&#8243; css=&#8221;.vc_custom_1583364013012{background-image: url(https:\/\/casamagoni.com\/en\/wp-content\/uploads\/2020\/03\/img01-magoni_experimental.jpg?id=372) !important;background-position: center !important;background-repeat: no-repeat !important;background-size: cover !important;}&#8221;][\/vc_column][\/vc_row]<\/p>\n","protected":false},"author":1,"featured_media":0,"parent":329,"menu_order":0,"comment_status":"closed","ping_status":"closed","template":"","meta":{"footnotes":""},"_links":{"self":[{"href":"https:\/\/casamagoni.com\/en\/wp-json\/wp\/v2\/pages\/364"}],"collection":[{"href":"https:\/\/casamagoni.com\/en\/wp-json\/wp\/v2\/pages"}],"about":[{"href":"https:\/\/casamagoni.com\/en\/wp-json\/wp\/v2\/types\/page"}],"author":[{"embeddable":true,"href":"https:\/\/casamagoni.com\/en\/wp-json\/wp\/v2\/users\/1"}],"replies":[{"embeddable":true,"href":"https:\/\/casamagoni.com\/en\/wp-json\/wp\/v2\/comments?post=364"}],"version-history":[{"count":10,"href":"https:\/\/casamagoni.com\/en\/wp-json\/wp\/v2\/pages\/364\/revisions"}],"predecessor-version":[{"id":385,"href":"https:\/\/casamagoni.com\/en\/wp-json\/wp\/v2\/pages\/364\/revisions\/385"}],"up":[{"embeddable":true,"href":"https:\/\/casamagoni.com\/en\/wp-json\/wp\/v2\/pages\/329"}],"wp:attachment":[{"href":"https:\/\/casamagoni.com\/en\/wp-json\/wp\/v2\/media?parent=364"}],"curies":[{"name":"wp","href":"https:\/\/api.w.org\/{rel}","templated":true}]}}